{"id":7718,"date":"2023-05-31T10:00:56","date_gmt":"2023-05-31T10:00:56","guid":{"rendered":"https:\/\/travel.nicdark.com\/travel-mountain-wordpress-theme\/shop\/"},"modified":"2025-02-17T20:17:20","modified_gmt":"2025-02-17T20:17:20","slug":"cases","status":"publish","type":"page","link":"https:\/\/haussbrasil.com\/index.php\/cases\/","title":{"rendered":"Cases"},"content":{"rendered":"\t\t<div data-elementor-type=\"wp-page\" data-elementor-id=\"7718\" class=\"elementor elementor-7718\" data-elementor-post-type=\"page\">\n\t\t\t\t<div class=\"elementor-element elementor-element-8b8a4ef elementor-hidden-desktop elementor-hidden-laptop e-flex e-con-boxed e-con e-parent\" data-id=\"8b8a4ef\" data-element_type=\"container\" data-settings=\"{&quot;background_background&quot;:&quot;classic&quot;}\">\n\t\t\t\t\t<div class=\"e-con-inner\">\n\t\t\t\t<div class=\"elementor-element elementor-element-7814dde elementor-widget elementor-widget-image\" data-id=\"7814dde\" data-element_type=\"widget\" data-widget_type=\"image.default\">\n\t\t\t\t<div class=\"elementor-widget-container\">\n\t\t\t\t\t\t\t\t\t\t\t\t\t<img fetchpriority=\"high\" decoding=\"async\" width=\"1024\" height=\"563\" src=\"https:\/\/haussbrasil.com\/wp-content\/uploads\/2023\/04\/1223-1024x563.png\" class=\"attachment-large size-large wp-image-9339\" alt=\"\" srcset=\"https:\/\/haussbrasil.com\/wp-content\/uploads\/2023\/04\/1223-1024x563.png 1024w, https:\/\/haussbrasil.com\/wp-content\/uploads\/2023\/04\/1223-300x165.png 300w, https:\/\/haussbrasil.com\/wp-content\/uploads\/2023\/04\/1223-768x422.png 768w, https:\/\/haussbrasil.com\/wp-content\/uploads\/2023\/04\/1223-1110x611.png 1110w, https:\/\/haussbrasil.com\/wp-content\/uploads\/2023\/04\/1223-1536x845.png 1536w, https:\/\/haussbrasil.com\/wp-content\/uploads\/2023\/04\/1223-600x330.png 600w, https:\/\/haussbrasil.com\/wp-content\/uploads\/2023\/04\/1223.png 2035w\" sizes=\"(max-width: 1024px) 100vw, 1024px\" \/>\t\t\t\t\t\t\t\t\t\t\t\t\t<\/div>\n\t\t\t\t<\/div>\n\t\t\t\t\t<\/div>\n\t\t\t\t<\/div>\n\t\t<div class=\"elementor-element elementor-element-8284cf9 elementor-hidden-desktop elementor-hidden-laptop e-flex e-con-boxed e-con e-parent\" data-id=\"8284cf9\" data-element_type=\"container\" data-settings=\"{&quot;background_background&quot;:&quot;classic&quot;}\">\n\t\t\t\t\t<div class=\"e-con-inner\">\n\t\t\t\t<div class=\"elementor-element elementor-element-3a2de24 elementor-invisible elementor-widget elementor-widget-heading\" data-id=\"3a2de24\" data-element_type=\"widget\" data-settings=\"{&quot;_animation&quot;:&quot;fadeInDown&quot;}\" data-widget_type=\"heading.default\">\n\t\t\t\t<div class=\"elementor-widget-container\">\n\t\t\t<h1 class=\"elementor-heading-title elementor-size-xxl\"><span style=\"color:#8DC520\">Hauss<\/span> prime 1.0<\/h1>\t\t<\/div>\n\t\t\t\t<\/div>\n\t\t\t\t<div class=\"elementor-element elementor-element-6387658 elementor-invisible elementor-widget elementor-widget-heading\" data-id=\"6387658\" data-element_type=\"widget\" data-settings=\"{&quot;_animation&quot;:&quot;fadeInDown&quot;}\" data-widget_type=\"heading.default\">\n\t\t\t\t<div class=\"elementor-widget-container\">\n\t\t\t<h1 class=\"elementor-heading-title elementor-size-xxl\">O Brasil enfrenta um d\u00e9ficit habitacional de 5,8 milh\u00f5es de casas, segundo dados do IBGE. Essa realidade alarmante \u00e9 agravada pelo impacto ambiental da constru\u00e7\u00e3o civil, que responde por 79% das emiss\u00f5es de gases de efeito estufa (GEE) no pa\u00eds.<\/h1>\t\t<\/div>\n\t\t\t\t<\/div>\n\t\t\t\t\t<\/div>\n\t\t\t\t<\/div>\n\t\t\t\t<section class=\"elementor-section elementor-top-section elementor-element elementor-element-4f59b8e9 elementor-section-content-middle elementor-section-height-full elementor-hidden-tablet elementor-hidden-mobile elementor-section-boxed elementor-section-height-default elementor-section-items-middle\" data-id=\"4f59b8e9\" data-element_type=\"section\" data-settings=\"{&quot;background_background&quot;:&quot;classic&quot;}\">\n\t\t\t\t\t\t\t<div class=\"elementor-background-overlay\"><\/div>\n\t\t\t\t\t\t\t<div class=\"elementor-container elementor-column-gap-no\">\n\t\t\t\t\t<div class=\"elementor-column elementor-col-100 elementor-top-column elementor-element elementor-element-4c4e652d\" data-id=\"4c4e652d\" data-element_type=\"column\">\n\t\t\t<div class=\"elementor-widget-wrap elementor-element-populated\">\n\t\t\t\t\t\t<div class=\"elementor-element elementor-element-49e519d2 elementor-widget-divider--view-line elementor-invisible elementor-widget elementor-widget-divider\" data-id=\"49e519d2\" data-element_type=\"widget\" data-settings=\"{&quot;_animation&quot;:&quot;fadeInUp&quot;}\" data-widget_type=\"divider.default\">\n\t\t\t\t<div class=\"elementor-widget-container\">\n\t\t\t\t\t<div class=\"elementor-divider\">\n\t\t\t<span class=\"elementor-divider-separator\">\n\t\t\t\t\t\t<\/span>\n\t\t<\/div>\n\t\t\t\t<\/div>\n\t\t\t\t<\/div>\n\t\t\t\t<div class=\"elementor-element elementor-element-5ef88c1b elementor-invisible elementor-widget elementor-widget-heading\" data-id=\"5ef88c1b\" data-element_type=\"widget\" data-settings=\"{&quot;_animation&quot;:&quot;fadeInDown&quot;}\" data-widget_type=\"heading.default\">\n\t\t\t\t<div class=\"elementor-widget-container\">\n\t\t\t<h1 class=\"elementor-heading-title elementor-size-xxl\"><span style=\"color:#8DC520\">Hauss<\/span> prime 1.0<\/h1>\t\t<\/div>\n\t\t\t\t<\/div>\n\t\t\t\t<div class=\"elementor-element elementor-element-3223a6f5 elementor-invisible elementor-widget elementor-widget-text-editor\" data-id=\"3223a6f5\" data-element_type=\"widget\" data-settings=\"{&quot;_animation&quot;:&quot;fadeInUp&quot;,&quot;_animation_delay&quot;:100}\" data-widget_type=\"text-editor.default\">\n\t\t\t\t<div class=\"elementor-widget-container\">\n\t\t\t\t\t\t\t<p><span style=\"color: #ffffff;\">O Brasil enfrenta um d\u00e9ficit habitacional de <strong>5,8 milh\u00f5es de casas<\/strong>, segundo dados do IBGE. Essa realidade alarmante \u00e9 agravada pelo impacto ambiental da constru\u00e7\u00e3o civil, que responde por <strong>79% das emiss\u00f5es de gases de efeito estufa (GEE) no pa\u00eds<\/strong>.<\/span><\/p><p><span style=\"color: #ffffff;\">Diante desse cen\u00e1rio desafiador, a Hauss Prime 1.0 surge como uma solu\u00e7\u00e3o inovadora e sustent\u00e1vel para o problema da moradia popular. Uma casa de alta qualidade, constru\u00edda com um impacto ambiental m\u00ednimo e em menos tempo com as mais recentes tecnologias e metodologias construtivas. Utilizamos metodologias industrializadas, os mais utilizados em pa\u00edses desenvolvidos, que oferece maior rapidez, precis\u00e3o e sustentabilidade na constru\u00e7\u00e3o das casas.<\/span><\/p>\t\t\t\t\t\t<\/div>\n\t\t\t\t<\/div>\n\t\t\t\t<div class=\"elementor-element elementor-element-1ebf8b27 elementor-widget elementor-widget-spacer\" data-id=\"1ebf8b27\" data-element_type=\"widget\" data-widget_type=\"spacer.default\">\n\t\t\t\t<div class=\"elementor-widget-container\">\n\t\t\t\t\t<div class=\"elementor-spacer\">\n\t\t\t<div class=\"elementor-spacer-inner\"><\/div>\n\t\t<\/div>\n\t\t\t\t<\/div>\n\t\t\t\t<\/div>\n\t\t\t\t\t<\/div>\n\t\t<\/div>\n\t\t\t\t\t<\/div>\n\t\t<\/section>\n\t\t<div class=\"elementor-element elementor-element-790e0ae e-flex e-con-boxed e-con e-parent\" data-id=\"790e0ae\" data-element_type=\"container\" data-settings=\"{&quot;background_background&quot;:&quot;classic&quot;}\">\n\t\t\t\t\t<div class=\"e-con-inner\">\n\t\t<div class=\"elementor-element elementor-element-4512083 e-con-full e-flex e-con e-child\" data-id=\"4512083\" data-element_type=\"container\">\n\t\t<div class=\"elementor-element elementor-element-109ff06 e-con-full e-flex elementor-invisible e-con e-child\" data-id=\"109ff06\" data-element_type=\"container\" data-settings=\"{&quot;background_background&quot;:&quot;gradient&quot;,&quot;animation&quot;:&quot;fadeInDown&quot;,&quot;animation_delay&quot;:100,&quot;position&quot;:&quot;absolute&quot;}\">\n\t\t\t\t<div class=\"elementor-element elementor-element-77fb947 elementor-widget elementor-widget-heading\" data-id=\"77fb947\" data-element_type=\"widget\" data-widget_type=\"heading.default\">\n\t\t\t\t<div class=\"elementor-widget-container\">\n\t\t\t<h2 class=\"elementor-heading-title elementor-size-default\">Aplica\u00e7\u00f5es<\/h2>\t\t<\/div>\n\t\t\t\t<\/div>\n\t\t\t\t<\/div>\n\t\t\t\t<div class=\"elementor-element elementor-element-1ba9d7d elementor-invisible elementor-widget elementor-widget-image\" data-id=\"1ba9d7d\" data-element_type=\"widget\" data-settings=\"{&quot;_animation&quot;:&quot;fadeIn&quot;,&quot;_animation_delay&quot;:100}\" data-widget_type=\"image.default\">\n\t\t\t\t<div class=\"elementor-widget-container\">\n\t\t\t\t\t\t\t\t\t\t\t\t\t<img decoding=\"async\" width=\"1920\" height=\"1080\" src=\"https:\/\/haussbrasil.com\/wp-content\/uploads\/2024\/09\/Sem-Titulo-2.jpg\" class=\"attachment-full size-full wp-image-9448\" alt=\"\" srcset=\"https:\/\/haussbrasil.com\/wp-content\/uploads\/2024\/09\/Sem-Titulo-2.jpg 1920w, https:\/\/haussbrasil.com\/wp-content\/uploads\/2024\/09\/Sem-Titulo-2-300x169.jpg 300w, https:\/\/haussbrasil.com\/wp-content\/uploads\/2024\/09\/Sem-Titulo-2-1024x576.jpg 1024w, https:\/\/haussbrasil.com\/wp-content\/uploads\/2024\/09\/Sem-Titulo-2-768x432.jpg 768w, https:\/\/haussbrasil.com\/wp-content\/uploads\/2024\/09\/Sem-Titulo-2-1536x864.jpg 1536w, https:\/\/haussbrasil.com\/wp-content\/uploads\/2024\/09\/Sem-Titulo-2-600x338.jpg 600w\" sizes=\"(max-width: 1920px) 100vw, 1920px\" \/>\t\t\t\t\t\t\t\t\t\t\t\t\t<\/div>\n\t\t\t\t<\/div>\n\t\t\t\t<\/div>\n\t\t<div class=\"elementor-element elementor-element-8f6ba67 e-con-full e-flex e-con e-child\" data-id=\"8f6ba67\" data-element_type=\"container\">\n\t\t<div class=\"elementor-element elementor-element-c3cddb6 e-con-full e-flex e-con e-child\" data-id=\"c3cddb6\" data-element_type=\"container\">\n\t\t\t\t<div class=\"elementor-element elementor-element-a416238 elementor-invisible elementor-widget elementor-widget-image\" data-id=\"a416238\" data-element_type=\"widget\" data-settings=\"{&quot;_animation&quot;:&quot;fadeInLeft&quot;}\" data-widget_type=\"image.default\">\n\t\t\t\t<div class=\"elementor-widget-container\">\n\t\t\t\t\t\t\t\t\t\t\t\t\t<img decoding=\"async\" width=\"775\" height=\"1024\" src=\"https:\/\/haussbrasil.com\/wp-content\/uploads\/2024\/09\/32-775x1024.jpg\" class=\"attachment-large size-large wp-image-9464\" alt=\"\" srcset=\"https:\/\/haussbrasil.com\/wp-content\/uploads\/2024\/09\/32-775x1024.jpg 775w, https:\/\/haussbrasil.com\/wp-content\/uploads\/2024\/09\/32-227x300.jpg 227w, https:\/\/haussbrasil.com\/wp-content\/uploads\/2024\/09\/32-768x1014.jpg 768w, https:\/\/haussbrasil.com\/wp-content\/uploads\/2024\/09\/32-540x712.jpg 540w, https:\/\/haussbrasil.com\/wp-content\/uploads\/2024\/09\/32-600x792.jpg 600w, https:\/\/haussbrasil.com\/wp-content\/uploads\/2024\/09\/32.jpg 836w\" sizes=\"(max-width: 775px) 100vw, 775px\" \/>\t\t\t\t\t\t\t\t\t\t\t\t\t<\/div>\n\t\t\t\t<\/div>\n\t\t\t\t<\/div>\n\t\t<div class=\"elementor-element elementor-element-9a7ecfc e-con-full e-flex e-con e-child\" data-id=\"9a7ecfc\" data-element_type=\"container\">\n\t\t<div class=\"elementor-element elementor-element-6f6a382 e-con-full e-flex e-con e-child\" data-id=\"6f6a382\" data-element_type=\"container\">\n\t\t\t\t<div class=\"elementor-element elementor-element-8aba17b elementor-invisible elementor-widget elementor-widget-image\" data-id=\"8aba17b\" data-element_type=\"widget\" data-settings=\"{&quot;_animation&quot;:&quot;fadeInRight&quot;,&quot;_animation_delay&quot;:150}\" data-widget_type=\"image.default\">\n\t\t\t\t<div class=\"elementor-widget-container\">\n\t\t\t\t\t\t\t\t\t\t\t\t\t<img loading=\"lazy\" decoding=\"async\" width=\"836\" height=\"525\" src=\"https:\/\/haussbrasil.com\/wp-content\/uploads\/2024\/09\/Santa-Maria.jpg\" class=\"attachment-large size-large wp-image-9469\" alt=\"\" srcset=\"https:\/\/haussbrasil.com\/wp-content\/uploads\/2024\/09\/Santa-Maria.jpg 836w, https:\/\/haussbrasil.com\/wp-content\/uploads\/2024\/09\/Santa-Maria-300x188.jpg 300w, https:\/\/haussbrasil.com\/wp-content\/uploads\/2024\/09\/Santa-Maria-768x482.jpg 768w, https:\/\/haussbrasil.com\/wp-content\/uploads\/2024\/09\/Santa-Maria-600x377.jpg 600w\" sizes=\"(max-width: 836px) 100vw, 836px\" \/>\t\t\t\t\t\t\t\t\t\t\t\t\t<\/div>\n\t\t\t\t<\/div>\n\t\t\t\t<\/div>\n\t\t<div class=\"elementor-element elementor-element-ed36d3f e-con-full e-flex elementor-invisible e-con e-child\" data-id=\"ed36d3f\" data-element_type=\"container\" data-settings=\"{&quot;animation&quot;:&quot;fadeInRight&quot;,&quot;animation_delay&quot;:250}\">\n\t\t\t\t<div class=\"elementor-element elementor-element-f73b628 elementor-widget elementor-widget-image\" data-id=\"f73b628\" data-element_type=\"widget\" data-widget_type=\"image.default\">\n\t\t\t\t<div class=\"elementor-widget-container\">\n\t\t\t\t\t\t\t\t\t\t\t\t\t<img loading=\"lazy\" decoding=\"async\" width=\"836\" height=\"525\" src=\"https:\/\/haussbrasil.com\/wp-content\/uploads\/2024\/09\/Loteamento-Sapucaia.jpg\" class=\"attachment-large size-large wp-image-9470\" alt=\"\" srcset=\"https:\/\/haussbrasil.com\/wp-content\/uploads\/2024\/09\/Loteamento-Sapucaia.jpg 836w, https:\/\/haussbrasil.com\/wp-content\/uploads\/2024\/09\/Loteamento-Sapucaia-300x188.jpg 300w, https:\/\/haussbrasil.com\/wp-content\/uploads\/2024\/09\/Loteamento-Sapucaia-768x482.jpg 768w, https:\/\/haussbrasil.com\/wp-content\/uploads\/2024\/09\/Loteamento-Sapucaia-600x377.jpg 600w\" sizes=\"(max-width: 836px) 100vw, 836px\" \/>\t\t\t\t\t\t\t\t\t\t\t\t\t<\/div>\n\t\t\t\t<\/div>\n\t\t\t\t<\/div>\n\t\t\t\t<\/div>\n\t\t\t\t<\/div>\n\t\t\t\t\t<\/div>\n\t\t\t\t<\/div>\n\t\t<div class=\"elementor-element elementor-element-cd286da e-flex e-con-boxed e-con e-parent\" data-id=\"cd286da\" data-element_type=\"container\">\n\t\t\t\t\t<div class=\"e-con-inner\">\n\t\t\t\t<div class=\"elementor-element elementor-element-22f0315 elementor-invisible elementor-widget elementor-widget-heading\" data-id=\"22f0315\" data-element_type=\"widget\" data-settings=\"{&quot;_animation&quot;:&quot;fadeInUp&quot;,&quot;_animation_delay&quot;:100}\" data-widget_type=\"heading.default\">\n\t\t\t\t<div class=\"elementor-widget-container\">\n\t\t\t<h1 class=\"elementor-heading-title elementor-size-xxl\"><span style=\"color:#8DC520\">Pr\u00eamios conquistados<\/h1>\t\t<\/div>\n\t\t\t\t<\/div>\n\t\t\t\t<div class=\"elementor-element elementor-element-638df91 elementor-invisible elementor-widget elementor-widget-heading\" data-id=\"638df91\" data-element_type=\"widget\" data-settings=\"{&quot;_animation&quot;:&quot;fadeInUp&quot;,&quot;_animation_delay&quot;:100}\" data-widget_type=\"heading.default\">\n\t\t\t\t<div class=\"elementor-widget-container\">\n\t\t\t<h1 class=\"elementor-heading-title elementor-size-xxl\">pela tecnologia Light Wood Frame<\/h1>\t\t<\/div>\n\t\t\t\t<\/div>\n\t\t\t\t\t<\/div>\n\t\t\t\t<\/div>\n\t\t<div class=\"elementor-element elementor-element-250ce10 e-flex e-con-boxed e-con e-parent\" data-id=\"250ce10\" data-element_type=\"container\">\n\t\t\t\t\t<div class=\"e-con-inner\">\n\t\t<div class=\"elementor-element elementor-element-d433da1 e-con-full e-flex elementor-invisible e-con e-child\" data-id=\"d433da1\" data-element_type=\"container\" data-settings=\"{&quot;animation&quot;:&quot;zoomIn&quot;,&quot;animation_delay&quot;:150}\">\n\t\t\t\t<div class=\"elementor-element elementor-element-733f992 elementor-widget elementor-widget-image\" data-id=\"733f992\" data-element_type=\"widget\" data-widget_type=\"image.default\">\n\t\t\t\t<div class=\"elementor-widget-container\">\n\t\t\t\t\t\t\t\t\t\t\t\t\t<img loading=\"lazy\" decoding=\"async\" width=\"1939\" height=\"842\" src=\"https:\/\/haussbrasil.com\/wp-content\/uploads\/2024\/09\/Imagem13.jpg\" class=\"attachment-full size-full wp-image-8900\" alt=\"\" srcset=\"https:\/\/haussbrasil.com\/wp-content\/uploads\/2024\/09\/Imagem13.jpg 1939w, https:\/\/haussbrasil.com\/wp-content\/uploads\/2024\/09\/Imagem13-300x130.jpg 300w, https:\/\/haussbrasil.com\/wp-content\/uploads\/2024\/09\/Imagem13-1024x445.jpg 1024w, https:\/\/haussbrasil.com\/wp-content\/uploads\/2024\/09\/Imagem13-768x333.jpg 768w, https:\/\/haussbrasil.com\/wp-content\/uploads\/2024\/09\/Imagem13-1536x667.jpg 1536w, https:\/\/haussbrasil.com\/wp-content\/uploads\/2024\/09\/Imagem13-600x261.jpg 600w\" sizes=\"(max-width: 1939px) 100vw, 1939px\" \/>\t\t\t\t\t\t\t\t\t\t\t\t\t<\/div>\n\t\t\t\t<\/div>\n\t\t\t\t<\/div>\n\t\t\t\t\t<\/div>\n\t\t\t\t<\/div>\n\t\t\t\t<\/div>\n\t\t","protected":false},"excerpt":{"rendered":"<p>Hauss prime 1.0 O Brasil enfrenta um d\u00e9ficit habitacional de 5,8 milh\u00f5es de casas, segundo dados do IBGE. Essa realidade alarmante \u00e9 agravada pelo impacto ambiental da constru\u00e7\u00e3o civil, que responde por 79% das emiss\u00f5es de gases de efeito estufa (GEE) no pa\u00eds. Hauss prime 1.0 O Brasil enfrenta um d\u00e9ficit habitacional de 5,8 milh\u00f5es [&hellip;]<\/p>\n","protected":false},"author":1,"featured_media":0,"parent":0,"menu_order":0,"comment_status":"closed","ping_status":"closed","template":"","meta":{"footnotes":""},"class_list":["post-7718","page","type-page","status-publish","hentry"],"_links":{"self":[{"href":"https:\/\/haussbrasil.com\/index.php\/wp-json\/wp\/v2\/pages\/7718","targetHints":{"allow":["GET"]}}],"collection":[{"href":"https:\/\/haussbrasil.com\/index.php\/wp-json\/wp\/v2\/pages"}],"about":[{"href":"https:\/\/haussbrasil.com\/index.php\/wp-json\/wp\/v2\/types\/page"}],"author":[{"embeddable":true,"href":"https:\/\/haussbrasil.com\/index.php\/wp-json\/wp\/v2\/users\/1"}],"replies":[{"embeddable":true,"href":"https:\/\/haussbrasil.com\/index.php\/wp-json\/wp\/v2\/comments?post=7718"}],"version-history":[{"count":208,"href":"https:\/\/haussbrasil.com\/index.php\/wp-json\/wp\/v2\/pages\/7718\/revisions"}],"predecessor-version":[{"id":10046,"href":"https:\/\/haussbrasil.com\/index.php\/wp-json\/wp\/v2\/pages\/7718\/revisions\/10046"}],"wp:attachment":[{"href":"https:\/\/haussbrasil.com\/index.php\/wp-json\/wp\/v2\/media?parent=7718"}],"curies":[{"name":"wp","href":"https:\/\/api.w.org\/{rel}","templated":true}]}}